{"id":29603,"date":"2025-11-16T18:25:43","date_gmt":"2025-11-16T15:25:43","guid":{"rendered":"https:\/\/emateks.com.tr\/?post_type=product&#038;p=29603"},"modified":"2025-11-16T18:25:46","modified_gmt":"2025-11-16T15:25:46","slug":"703070d-m-ps4-clk","status":"publish","type":"product","link":"https:\/\/emateks.com.tr\/ar\/product\/703070d-m-ps4-clk\/","title":{"rendered":"703070D-M-PS4-\u00c7LK"},"content":{"rendered":"","protected":false},"excerpt":{"rendered":"<p><em><strong>30\/70 STAPLE F\u0130BER MOUL\u0130NE SPANDEX \u0130NTERLOCK<\/strong><\/em><\/p>\n<p>%77 POLYESTER&#8212;%17 COTTON&#8212;%6 SPANDEX<\/p>\n<p>180 CM&#8212;330 GR<\/p>\n","protected":false},"featured_media":29605,"template":"","meta":[],"product_brand":[],"product_cat":[108],"product_tag":[],"class_list":{"0":"post-29603","1":"product","2":"type-product","3":"status-publish","4":"has-post-thumbnail","6":"product_cat-interlock-2","7":"tm-no-options","9":"first","10":"instock","11":"shipping-taxable","12":"product-type-simple"},"_links":{"self":[{"href":"https:\/\/emateks.com.tr\/ar\/wp-json\/wp\/v2\/product\/29603","targetHints":{"allow":["GET"]}}],"collection":[{"href":"https:\/\/emateks.com.tr\/ar\/wp-json\/wp\/v2\/product"}],"about":[{"href":"https:\/\/emateks.com.tr\/ar\/wp-json\/wp\/v2\/types\/product"}],"wp:featuredmedia":[{"embeddable":true,"href":"https:\/\/emateks.com.tr\/ar\/wp-json\/wp\/v2\/media\/29605"}],"wp:attachment":[{"href":"https:\/\/emateks.com.tr\/ar\/wp-json\/wp\/v2\/media?parent=29603"}],"wp:term":[{"taxonomy":"product_brand","embeddable":true,"href":"https:\/\/emateks.com.tr\/ar\/wp-json\/wp\/v2\/product_brand?post=29603"},{"taxonomy":"product_cat","embeddable":true,"href":"https:\/\/emateks.com.tr\/ar\/wp-json\/wp\/v2\/product_cat?post=29603"},{"taxonomy":"product_tag","embeddable":true,"href":"https:\/\/emateks.com.tr\/ar\/wp-json\/wp\/v2\/product_tag?post=29603"}],"curies":[{"name":"wp","href":"https:\/\/api.w.org\/{rel}","templated":true}]}}