{"id":30458,"date":"2026-01-07T14:52:46","date_gmt":"2026-01-07T11:52:46","guid":{"rendered":"https:\/\/emateks.com.tr\/?post_type=product&#038;p=30458"},"modified":"2026-01-07T15:25:01","modified_gmt":"2026-01-07T12:25:01","slug":"210307070wv-cvv-g100-2-3-1","status":"publish","type":"product","link":"https:\/\/emateks.com.tr\/ar\/product\/210307070wv-cvv-g100-2-3-1\/","title":{"rendered":"210307070WV-CVV-G100-2-3-1"},"content":{"rendered":"","protected":false},"excerpt":{"rendered":"<p><em><strong>30\/70\/70V\u0130SCONE M\u0130CRO POLYESTER S\u0130LVER GL\u0130TTER SCUBA<\/strong><\/em><\/p>\n<p>%35 V\u0130SCONE&#8212;%42 POLYESTER&#8212;%17 S\u0130LVER GL\u0130TTER&#8212;%6 SPANDEX<\/p>\n<p>188 CM&#8212;350 GR<\/p>\n","protected":false},"featured_media":30459,"template":"","meta":[],"product_brand":[],"product_cat":[316],"product_tag":[],"class_list":{"0":"post-30458","1":"product","2":"type-product","3":"status-publish","4":"has-post-thumbnail","6":"product_cat-scb","7":"tm-no-options","9":"first","10":"instock","11":"shipping-taxable","12":"product-type-simple"},"_links":{"self":[{"href":"https:\/\/emateks.com.tr\/ar\/wp-json\/wp\/v2\/product\/30458","targetHints":{"allow":["GET"]}}],"collection":[{"href":"https:\/\/emateks.com.tr\/ar\/wp-json\/wp\/v2\/product"}],"about":[{"href":"https:\/\/emateks.com.tr\/ar\/wp-json\/wp\/v2\/types\/product"}],"wp:featuredmedia":[{"embeddable":true,"href":"https:\/\/emateks.com.tr\/ar\/wp-json\/wp\/v2\/media\/30459"}],"wp:attachment":[{"href":"https:\/\/emateks.com.tr\/ar\/wp-json\/wp\/v2\/media?parent=30458"}],"wp:term":[{"taxonomy":"product_brand","embeddable":true,"href":"https:\/\/emateks.com.tr\/ar\/wp-json\/wp\/v2\/product_brand?post=30458"},{"taxonomy":"product_cat","embeddable":true,"href":"https:\/\/emateks.com.tr\/ar\/wp-json\/wp\/v2\/product_cat?post=30458"},{"taxonomy":"product_tag","embeddable":true,"href":"https:\/\/emateks.com.tr\/ar\/wp-json\/wp\/v2\/product_tag?post=30458"}],"curies":[{"name":"wp","href":"https:\/\/api.w.org\/{rel}","templated":true}]}}