{"id":31047,"date":"2026-02-12T17:19:15","date_gmt":"2026-02-12T14:19:15","guid":{"rendered":"https:\/\/emateks.com.tr\/?post_type=product&#038;p=31047"},"modified":"2026-02-12T17:19:18","modified_gmt":"2026-02-12T14:19:18","slug":"1604070405050vvp","status":"publish","type":"product","link":"https:\/\/emateks.com.tr\/ar\/product\/1604070405050vvp\/","title":{"rendered":"1604070405050VVP"},"content":{"rendered":"","protected":false},"excerpt":{"rendered":"<p><em><strong>40\/70\/40 COTTON V\u0130SCONE \u0130NTERLOCK P\u0130QUE<\/strong><\/em><\/p>\n<p>%39 V\u0130SCONE&#8212;%39 COTTON&#8212;%22 POLYESTER<\/p>\n<p>170 CM&#8212;250 GR<\/p>\n","protected":false},"featured_media":31048,"template":"","meta":[],"product_brand":[],"product_cat":[115],"product_tag":[],"class_list":{"0":"post-31047","1":"product","2":"type-product","3":"status-publish","4":"has-post-thumbnail","6":"product_cat-interlock-pique","7":"tm-no-options","9":"first","10":"instock","11":"shipping-taxable","12":"product-type-simple"},"_links":{"self":[{"href":"https:\/\/emateks.com.tr\/ar\/wp-json\/wp\/v2\/product\/31047","targetHints":{"allow":["GET"]}}],"collection":[{"href":"https:\/\/emateks.com.tr\/ar\/wp-json\/wp\/v2\/product"}],"about":[{"href":"https:\/\/emateks.com.tr\/ar\/wp-json\/wp\/v2\/types\/product"}],"wp:featuredmedia":[{"embeddable":true,"href":"https:\/\/emateks.com.tr\/ar\/wp-json\/wp\/v2\/media\/31048"}],"wp:attachment":[{"href":"https:\/\/emateks.com.tr\/ar\/wp-json\/wp\/v2\/media?parent=31047"}],"wp:term":[{"taxonomy":"product_brand","embeddable":true,"href":"https:\/\/emateks.com.tr\/ar\/wp-json\/wp\/v2\/product_brand?post=31047"},{"taxonomy":"product_cat","embeddable":true,"href":"https:\/\/emateks.com.tr\/ar\/wp-json\/wp\/v2\/product_cat?post=31047"},{"taxonomy":"product_tag","embeddable":true,"href":"https:\/\/emateks.com.tr\/ar\/wp-json\/wp\/v2\/product_tag?post=31047"}],"curies":[{"name":"wp","href":"https:\/\/api.w.org\/{rel}","templated":true}]}}