{"id":31205,"date":"2026-02-20T12:54:49","date_gmt":"2026-02-20T09:54:49","guid":{"rendered":"https:\/\/emateks.com.tr\/?post_type=product&#038;p=31205"},"modified":"2026-02-20T12:54:52","modified_gmt":"2026-02-20T09:54:52","slug":"2707070-40pb-gp-brc6","status":"publish","type":"product","link":"https:\/\/emateks.com.tr\/ar\/product\/2707070-40pb-gp-brc6\/","title":{"rendered":"2707070-40PB-GP-BRC6"},"content":{"rendered":"","protected":false},"excerpt":{"rendered":"<p><em><strong>75\/72-75\/36 POLYESTER SPANDEX B\u00dcR\u00dcMC\u00dcK 6 RASCHEL<\/strong><\/em><\/p>\n<p>%95 POLYESTER&#8212;%5 SPANDEX<\/p>\n<p>130 CM&#8212;240 GR<\/p>\n","protected":false},"featured_media":31206,"template":"","meta":[],"product_brand":[],"product_cat":[162],"product_tag":[],"class_list":{"0":"post-31205","1":"product","2":"type-product","3":"status-publish","4":"has-post-thumbnail","6":"product_cat-raschel","7":"tm-no-options","9":"first","10":"instock","11":"shipping-taxable","12":"product-type-simple"},"_links":{"self":[{"href":"https:\/\/emateks.com.tr\/ar\/wp-json\/wp\/v2\/product\/31205","targetHints":{"allow":["GET"]}}],"collection":[{"href":"https:\/\/emateks.com.tr\/ar\/wp-json\/wp\/v2\/product"}],"about":[{"href":"https:\/\/emateks.com.tr\/ar\/wp-json\/wp\/v2\/types\/product"}],"wp:featuredmedia":[{"embeddable":true,"href":"https:\/\/emateks.com.tr\/ar\/wp-json\/wp\/v2\/media\/31206"}],"wp:attachment":[{"href":"https:\/\/emateks.com.tr\/ar\/wp-json\/wp\/v2\/media?parent=31205"}],"wp:term":[{"taxonomy":"product_brand","embeddable":true,"href":"https:\/\/emateks.com.tr\/ar\/wp-json\/wp\/v2\/product_brand?post=31205"},{"taxonomy":"product_cat","embeddable":true,"href":"https:\/\/emateks.com.tr\/ar\/wp-json\/wp\/v2\/product_cat?post=31205"},{"taxonomy":"product_tag","embeddable":true,"href":"https:\/\/emateks.com.tr\/ar\/wp-json\/wp\/v2\/product_tag?post=31205"}],"curies":[{"name":"wp","href":"https:\/\/api.w.org\/{rel}","templated":true}]}}