{"id":31913,"date":"2026-04-19T11:09:37","date_gmt":"2026-04-19T08:09:37","guid":{"rendered":"https:\/\/emateks.com.tr\/?post_type=product&#038;p=31913"},"modified":"2026-04-19T11:09:38","modified_gmt":"2026-04-19T08:09:38","slug":"40113030d-vplac3l-c-40-20","status":"publish","type":"product","link":"https:\/\/emateks.com.tr\/ar\/product\/40113030d-vplac3l-c-40-20\/","title":{"rendered":"40113030D-VPLAC3L-\u00c7-40-20"},"content":{"rendered":"","protected":false},"excerpt":{"rendered":"<p><em><strong>(40*20) 30\/30 STAPLE F\u0130BER VP NAVY BLUE STR\u0130PE CAM\u0130SOLE<\/strong><\/em><\/p>\n<p>%83 POLYESTER&#8212;%11 COTTON&#8212;%6 SPANDEX<\/p>\n<p>100 CM&#8212;340 GR<\/p>\n","protected":false},"featured_media":31914,"template":"","meta":[],"product_brand":[],"product_cat":[109],"product_tag":[],"class_list":{"0":"post-31913","1":"product","2":"type-product","3":"status-publish","4":"has-post-thumbnail","6":"product_cat-camisole-2","7":"tm-no-options","9":"first","10":"instock","11":"shipping-taxable","12":"product-type-simple"},"_links":{"self":[{"href":"https:\/\/emateks.com.tr\/ar\/wp-json\/wp\/v2\/product\/31913","targetHints":{"allow":["GET"]}}],"collection":[{"href":"https:\/\/emateks.com.tr\/ar\/wp-json\/wp\/v2\/product"}],"about":[{"href":"https:\/\/emateks.com.tr\/ar\/wp-json\/wp\/v2\/types\/product"}],"wp:featuredmedia":[{"embeddable":true,"href":"https:\/\/emateks.com.tr\/ar\/wp-json\/wp\/v2\/media\/31914"}],"wp:attachment":[{"href":"https:\/\/emateks.com.tr\/ar\/wp-json\/wp\/v2\/media?parent=31913"}],"wp:term":[{"taxonomy":"product_brand","embeddable":true,"href":"https:\/\/emateks.com.tr\/ar\/wp-json\/wp\/v2\/product_brand?post=31913"},{"taxonomy":"product_cat","embeddable":true,"href":"https:\/\/emateks.com.tr\/ar\/wp-json\/wp\/v2\/product_cat?post=31913"},{"taxonomy":"product_tag","embeddable":true,"href":"https:\/\/emateks.com.tr\/ar\/wp-json\/wp\/v2\/product_tag?post=31913"}],"curies":[{"name":"wp","href":"https:\/\/api.w.org\/{rel}","templated":true}]}}