{"id":29255,"date":"2025-11-02T15:11:33","date_gmt":"2025-11-02T12:11:33","guid":{"rendered":"https:\/\/emateks.com.tr\/?post_type=product&#038;p=29255"},"modified":"2025-11-02T15:11:35","modified_gmt":"2025-11-02T12:11:35","slug":"703640veg2-d-c-42-10","status":"publish","type":"product","link":"https:\/\/emateks.com.tr\/en\/product\/703640veg2-d-c-42-10\/","title":{"rendered":"703640VEG2-D-\u00c7-42-10"},"content":{"rendered":"","protected":false},"excerpt":{"rendered":"<p><em><strong>(42*10) 36\/40 VEG2 STAPLE F\u0130BER STR\u0130PE \u0130NTERLOCK<\/strong><\/em><\/p>\n<p>%25 COTTON&#8212;%75 POLYESTER<\/p>\n<p>170\/175 CM&#8212;230\/235 GR<\/p>\n","protected":false},"featured_media":29256,"template":"","meta":[],"product_brand":[],"product_cat":[108],"product_tag":[],"class_list":{"0":"post-29255","1":"product","2":"type-product","3":"status-publish","4":"has-post-thumbnail","6":"product_cat-interlock-2","7":"tm-no-options","9":"first","10":"instock","11":"shipping-taxable","12":"product-type-simple"},"_links":{"self":[{"href":"https:\/\/emateks.com.tr\/en\/wp-json\/wp\/v2\/product\/29255","targetHints":{"allow":["GET"]}}],"collection":[{"href":"https:\/\/emateks.com.tr\/en\/wp-json\/wp\/v2\/product"}],"about":[{"href":"https:\/\/emateks.com.tr\/en\/wp-json\/wp\/v2\/types\/product"}],"wp:featuredmedia":[{"embeddable":true,"href":"https:\/\/emateks.com.tr\/en\/wp-json\/wp\/v2\/media\/29256"}],"wp:attachment":[{"href":"https:\/\/emateks.com.tr\/en\/wp-json\/wp\/v2\/media?parent=29255"}],"wp:term":[{"taxonomy":"product_brand","embeddable":true,"href":"https:\/\/emateks.com.tr\/en\/wp-json\/wp\/v2\/product_brand?post=29255"},{"taxonomy":"product_cat","embeddable":true,"href":"https:\/\/emateks.com.tr\/en\/wp-json\/wp\/v2\/product_cat?post=29255"},{"taxonomy":"product_tag","embeddable":true,"href":"https:\/\/emateks.com.tr\/en\/wp-json\/wp\/v2\/product_tag?post=29255"}],"curies":[{"name":"wp","href":"https:\/\/api.w.org\/{rel}","templated":true}]}}