{"id":29387,"date":"2025-11-09T16:03:40","date_gmt":"2025-11-09T13:03:40","guid":{"rendered":"https:\/\/emateks.com.tr\/?post_type=product&#038;p=29387"},"modified":"2025-11-09T16:03:43","modified_gmt":"2025-11-09T13:03:43","slug":"703030wv-pvvegsyh-c-92-10","status":"publish","type":"product","link":"https:\/\/emateks.com.tr\/en\/product\/703030wv-pvvegsyh-c-92-10\/","title":{"rendered":"703030WV-PVVEGSYH-\u00c7&#8211;92-10"},"content":{"rendered":"","protected":false},"excerpt":{"rendered":"<p><em><strong>(92*10) 30\/30 V\u0130SCONE STR\u0130PE \u0130NTERLOCK<\/strong><\/em><\/p>\n<p>%93 V\u0130SCONE&#8212;%7 POLYESTER<\/p>\n<p>230 CM&#8212;235 GR<\/p>\n","protected":false},"featured_media":29388,"template":"","meta":[],"product_brand":[],"product_cat":[108],"product_tag":[],"class_list":{"0":"post-29387","1":"product","2":"type-product","3":"status-publish","4":"has-post-thumbnail","6":"product_cat-interlock-2","7":"tm-no-options","9":"first","10":"instock","11":"shipping-taxable","12":"product-type-simple"},"_links":{"self":[{"href":"https:\/\/emateks.com.tr\/en\/wp-json\/wp\/v2\/product\/29387","targetHints":{"allow":["GET"]}}],"collection":[{"href":"https:\/\/emateks.com.tr\/en\/wp-json\/wp\/v2\/product"}],"about":[{"href":"https:\/\/emateks.com.tr\/en\/wp-json\/wp\/v2\/types\/product"}],"wp:featuredmedia":[{"embeddable":true,"href":"https:\/\/emateks.com.tr\/en\/wp-json\/wp\/v2\/media\/29388"}],"wp:attachment":[{"href":"https:\/\/emateks.com.tr\/en\/wp-json\/wp\/v2\/media?parent=29387"}],"wp:term":[{"taxonomy":"product_brand","embeddable":true,"href":"https:\/\/emateks.com.tr\/en\/wp-json\/wp\/v2\/product_brand?post=29387"},{"taxonomy":"product_cat","embeddable":true,"href":"https:\/\/emateks.com.tr\/en\/wp-json\/wp\/v2\/product_cat?post=29387"},{"taxonomy":"product_tag","embeddable":true,"href":"https:\/\/emateks.com.tr\/en\/wp-json\/wp\/v2\/product_tag?post=29387"}],"curies":[{"name":"wp","href":"https:\/\/api.w.org\/{rel}","templated":true}]}}