{"id":29581,"date":"2025-11-16T17:47:49","date_gmt":"2025-11-16T14:47:49","guid":{"rendered":"https:\/\/emateks.com.tr\/?post_type=product&#038;p=29581"},"modified":"2025-12-29T12:12:58","modified_gmt":"2025-12-29T09:12:58","slug":"7040100150pv-pb4","status":"publish","type":"product","link":"https:\/\/emateks.com.tr\/en\/product\/7040100150pv-pb4\/","title":{"rendered":"7040100150PV-PB4NL"},"content":{"rendered":"","protected":false},"excerpt":{"rendered":"<p><em><strong>40\/100\/150 POLY V\u0130SCONE SPANDEX D\u0130AGONEL \u0130NTERLOCK<\/strong><\/em><\/p>\n<p>%84 POLYESTER&#8212;%8 V\u0130SCONE&#8212;%8 SPANDEX<\/p>\n<p>170\/175 CM&#8212;320\/325 GR<\/p>\n","protected":false},"featured_media":29583,"template":"","meta":[],"product_brand":[],"product_cat":[108],"product_tag":[],"class_list":{"0":"post-29581","1":"product","2":"type-product","3":"status-publish","4":"has-post-thumbnail","6":"product_cat-interlock-2","7":"tm-no-options","9":"first","10":"instock","11":"shipping-taxable","12":"product-type-simple"},"_links":{"self":[{"href":"https:\/\/emateks.com.tr\/en\/wp-json\/wp\/v2\/product\/29581","targetHints":{"allow":["GET"]}}],"collection":[{"href":"https:\/\/emateks.com.tr\/en\/wp-json\/wp\/v2\/product"}],"about":[{"href":"https:\/\/emateks.com.tr\/en\/wp-json\/wp\/v2\/types\/product"}],"wp:featuredmedia":[{"embeddable":true,"href":"https:\/\/emateks.com.tr\/en\/wp-json\/wp\/v2\/media\/29583"}],"wp:attachment":[{"href":"https:\/\/emateks.com.tr\/en\/wp-json\/wp\/v2\/media?parent=29581"}],"wp:term":[{"taxonomy":"product_brand","embeddable":true,"href":"https:\/\/emateks.com.tr\/en\/wp-json\/wp\/v2\/product_brand?post=29581"},{"taxonomy":"product_cat","embeddable":true,"href":"https:\/\/emateks.com.tr\/en\/wp-json\/wp\/v2\/product_cat?post=29581"},{"taxonomy":"product_tag","embeddable":true,"href":"https:\/\/emateks.com.tr\/en\/wp-json\/wp\/v2\/product_tag?post=29581"}],"curies":[{"name":"wp","href":"https:\/\/api.w.org\/{rel}","templated":true}]}}