{"id":29677,"date":"2025-11-22T12:14:40","date_gmt":"2025-11-22T09:14:40","guid":{"rendered":"https:\/\/emateks.com.tr\/?post_type=product&#038;p=29677"},"modified":"2025-11-22T12:14:43","modified_gmt":"2025-11-22T09:14:43","slug":"330303070d-m-gp-eks1-jkr","status":"publish","type":"product","link":"https:\/\/emateks.com.tr\/en\/product\/330303070d-m-gp-eks1-jkr\/","title":{"rendered":"330303070D-M-GP-EKS1-JKR"},"content":{"rendered":"","protected":false},"excerpt":{"rendered":"<p><em><strong>30\/30\/70 STAPLE F\u0130BER MOUL\u0130NE SPANDEX JACGUARD \u0130NTERLOCK<\/strong><\/em><\/p>\n<p>%76 POLYESTER&#8212;%22 COTTON&#8212;%2 SPANDEX<\/p>\n<p>160\/165&#8212;280\/285 GR<\/p>\n","protected":false},"featured_media":29679,"template":"","meta":[],"product_brand":[],"product_cat":[317],"product_tag":[],"class_list":{"0":"post-29677","1":"product","2":"type-product","3":"status-publish","4":"has-post-thumbnail","6":"product_cat-jacguard","7":"tm-no-options","9":"first","10":"instock","11":"shipping-taxable","12":"product-type-simple"},"_links":{"self":[{"href":"https:\/\/emateks.com.tr\/en\/wp-json\/wp\/v2\/product\/29677","targetHints":{"allow":["GET"]}}],"collection":[{"href":"https:\/\/emateks.com.tr\/en\/wp-json\/wp\/v2\/product"}],"about":[{"href":"https:\/\/emateks.com.tr\/en\/wp-json\/wp\/v2\/types\/product"}],"wp:featuredmedia":[{"embeddable":true,"href":"https:\/\/emateks.com.tr\/en\/wp-json\/wp\/v2\/media\/29679"}],"wp:attachment":[{"href":"https:\/\/emateks.com.tr\/en\/wp-json\/wp\/v2\/media?parent=29677"}],"wp:term":[{"taxonomy":"product_brand","embeddable":true,"href":"https:\/\/emateks.com.tr\/en\/wp-json\/wp\/v2\/product_brand?post=29677"},{"taxonomy":"product_cat","embeddable":true,"href":"https:\/\/emateks.com.tr\/en\/wp-json\/wp\/v2\/product_cat?post=29677"},{"taxonomy":"product_tag","embeddable":true,"href":"https:\/\/emateks.com.tr\/en\/wp-json\/wp\/v2\/product_tag?post=29677"}],"curies":[{"name":"wp","href":"https:\/\/api.w.org\/{rel}","templated":true}]}}