{"id":30005,"date":"2025-12-14T14:05:54","date_gmt":"2025-12-14T11:05:54","guid":{"rendered":"https:\/\/emateks.com.tr\/?post_type=product&#038;p=30005"},"modified":"2025-12-14T14:05:57","modified_gmt":"2025-12-14T11:05:57","slug":"203030pvs-m-yl-5-2","status":"publish","type":"product","link":"https:\/\/emateks.com.tr\/en\/product\/203030pvs-m-yl-5-2\/","title":{"rendered":"203030PVS-M-YL-5-2"},"content":{"rendered":"","protected":false},"excerpt":{"rendered":"<p><em><strong>30\/30 POLY V\u0130SCONE MOUL\u0130NESTR\u0130PE TWO YARNS<\/strong><\/em><\/p>\n<p>%13 V\u0130SCONE&#8212;%32 COTTON&#8212;%55 POLYESTER<\/p>\n<p>200 CM&#8212;160 GR<\/p>\n","protected":false},"featured_media":30006,"template":"","meta":[],"product_brand":[],"product_cat":[107],"product_tag":[],"class_list":{"0":"post-30005","1":"product","2":"type-product","3":"status-publish","4":"has-post-thumbnail","6":"product_cat-two-yarns-2","7":"tm-no-options","9":"first","10":"instock","11":"shipping-taxable","12":"product-type-simple"},"_links":{"self":[{"href":"https:\/\/emateks.com.tr\/en\/wp-json\/wp\/v2\/product\/30005","targetHints":{"allow":["GET"]}}],"collection":[{"href":"https:\/\/emateks.com.tr\/en\/wp-json\/wp\/v2\/product"}],"about":[{"href":"https:\/\/emateks.com.tr\/en\/wp-json\/wp\/v2\/types\/product"}],"wp:featuredmedia":[{"embeddable":true,"href":"https:\/\/emateks.com.tr\/en\/wp-json\/wp\/v2\/media\/30006"}],"wp:attachment":[{"href":"https:\/\/emateks.com.tr\/en\/wp-json\/wp\/v2\/media?parent=30005"}],"wp:term":[{"taxonomy":"product_brand","embeddable":true,"href":"https:\/\/emateks.com.tr\/en\/wp-json\/wp\/v2\/product_brand?post=30005"},{"taxonomy":"product_cat","embeddable":true,"href":"https:\/\/emateks.com.tr\/en\/wp-json\/wp\/v2\/product_cat?post=30005"},{"taxonomy":"product_tag","embeddable":true,"href":"https:\/\/emateks.com.tr\/en\/wp-json\/wp\/v2\/product_tag?post=30005"}],"curies":[{"name":"wp","href":"https:\/\/api.w.org\/{rel}","templated":true}]}}