{"id":30474,"date":"2026-01-07T15:36:33","date_gmt":"2026-01-07T12:36:33","guid":{"rendered":"https:\/\/emateks.com.tr\/?post_type=product&#038;p=30474"},"modified":"2026-01-07T15:36:35","modified_gmt":"2026-01-07T12:36:35","slug":"10301wvcvv-g100-2-3-1","status":"publish","type":"product","link":"https:\/\/emateks.com.tr\/en\/product\/10301wvcvv-g100-2-3-1\/","title":{"rendered":"10301WVCVV-G100-2-3-1"},"content":{"rendered":"","protected":false},"excerpt":{"rendered":"<p><em><strong>30\/1 VORTEKS V\u0130SCONE S\u0130LVER GL\u0130TTER SPANDEX JERSEY<\/strong><\/em><\/p>\n<p>%64 V\u0130SCONE&#8212;%33 S\u0130LVER GL\u0130TTER&#8212;%3 SPANDEX<\/p>\n<p>190 CM&#8212;195 GR<\/p>\n","protected":false},"featured_media":30475,"template":"","meta":[],"product_brand":[],"product_cat":[105],"product_tag":[],"class_list":{"0":"post-30474","1":"product","2":"type-product","3":"status-publish","4":"has-post-thumbnail","6":"product_cat-jersey-2","7":"tm-no-options","9":"first","10":"instock","11":"shipping-taxable","12":"product-type-simple"},"_links":{"self":[{"href":"https:\/\/emateks.com.tr\/en\/wp-json\/wp\/v2\/product\/30474","targetHints":{"allow":["GET"]}}],"collection":[{"href":"https:\/\/emateks.com.tr\/en\/wp-json\/wp\/v2\/product"}],"about":[{"href":"https:\/\/emateks.com.tr\/en\/wp-json\/wp\/v2\/types\/product"}],"wp:featuredmedia":[{"embeddable":true,"href":"https:\/\/emateks.com.tr\/en\/wp-json\/wp\/v2\/media\/30475"}],"wp:attachment":[{"href":"https:\/\/emateks.com.tr\/en\/wp-json\/wp\/v2\/media?parent=30474"}],"wp:term":[{"taxonomy":"product_brand","embeddable":true,"href":"https:\/\/emateks.com.tr\/en\/wp-json\/wp\/v2\/product_brand?post=30474"},{"taxonomy":"product_cat","embeddable":true,"href":"https:\/\/emateks.com.tr\/en\/wp-json\/wp\/v2\/product_cat?post=30474"},{"taxonomy":"product_tag","embeddable":true,"href":"https:\/\/emateks.com.tr\/en\/wp-json\/wp\/v2\/product_tag?post=30474"}],"curies":[{"name":"wp","href":"https:\/\/api.w.org\/{rel}","templated":true}]}}