{"id":30851,"date":"2026-02-01T10:31:50","date_gmt":"2026-02-01T07:31:50","guid":{"rendered":"https:\/\/emateks.com.tr\/?post_type=product&#038;p=30851"},"modified":"2026-02-01T11:05:22","modified_gmt":"2026-02-01T08:05:22","slug":"310307070d-vpvkr-ttb-12-40","status":"publish","type":"product","link":"https:\/\/emateks.com.tr\/en\/product\/310307070d-vpvkr-ttb-12-40\/","title":{"rendered":"310307030D-VPVKR-TTB-12-40"},"content":{"rendered":"","protected":false},"excerpt":{"rendered":"<p><em><strong>(12*40) STAPLE F\u0130BER POLY V\u0130SCONE RED STR\u0130PE OTTOMAN<\/strong><\/em><\/p>\n<p>%93 POLYESTER&#8212;%7 V\u0130SCONE<\/p>\n<p>190 CM&#8212;200 GR<\/p>\n","protected":false},"featured_media":30870,"template":"","meta":[],"product_brand":[],"product_cat":[110],"product_tag":[],"class_list":{"0":"post-30851","1":"product","2":"type-product","3":"status-publish","4":"has-post-thumbnail","6":"product_cat-ottoman","7":"tm-no-options","9":"first","10":"instock","11":"shipping-taxable","12":"product-type-simple"},"_links":{"self":[{"href":"https:\/\/emateks.com.tr\/en\/wp-json\/wp\/v2\/product\/30851","targetHints":{"allow":["GET"]}}],"collection":[{"href":"https:\/\/emateks.com.tr\/en\/wp-json\/wp\/v2\/product"}],"about":[{"href":"https:\/\/emateks.com.tr\/en\/wp-json\/wp\/v2\/types\/product"}],"wp:featuredmedia":[{"embeddable":true,"href":"https:\/\/emateks.com.tr\/en\/wp-json\/wp\/v2\/media\/30870"}],"wp:attachment":[{"href":"https:\/\/emateks.com.tr\/en\/wp-json\/wp\/v2\/media?parent=30851"}],"wp:term":[{"taxonomy":"product_brand","embeddable":true,"href":"https:\/\/emateks.com.tr\/en\/wp-json\/wp\/v2\/product_brand?post=30851"},{"taxonomy":"product_cat","embeddable":true,"href":"https:\/\/emateks.com.tr\/en\/wp-json\/wp\/v2\/product_cat?post=30851"},{"taxonomy":"product_tag","embeddable":true,"href":"https:\/\/emateks.com.tr\/en\/wp-json\/wp\/v2\/product_tag?post=30851"}],"curies":[{"name":"wp","href":"https:\/\/api.w.org\/{rel}","templated":true}]}}