{"id":31212,"date":"2026-02-20T13:00:38","date_gmt":"2026-02-20T10:00:38","guid":{"rendered":"https:\/\/emateks.com.tr\/?post_type=product&#038;p=31212"},"modified":"2026-02-20T13:00:41","modified_gmt":"2026-02-20T10:00:41","slug":"27050150150-70-pb-gp-brc19","status":"publish","type":"product","link":"https:\/\/emateks.com.tr\/en\/product\/27050150150-70-pb-gp-brc19\/","title":{"rendered":"27050150150-70-PB-GP-BRC19"},"content":{"rendered":"","protected":false},"excerpt":{"rendered":"<p><em><strong>50\/150\/150 POLYESTER SPANDEX B\u00dcR\u00dcMC\u00dcK 19 RASCHEL<\/strong><\/em><\/p>\n<p>%89 POLYESTER&#8212;%11 SPANDEX<\/p>\n<p>120 CM&#8212;320 GR<\/p>\n","protected":false},"featured_media":31214,"template":"","meta":[],"product_brand":[],"product_cat":[162],"product_tag":[],"class_list":{"0":"post-31212","1":"product","2":"type-product","3":"status-publish","4":"has-post-thumbnail","6":"product_cat-raschel","7":"tm-no-options","9":"first","10":"instock","11":"shipping-taxable","12":"product-type-simple"},"_links":{"self":[{"href":"https:\/\/emateks.com.tr\/en\/wp-json\/wp\/v2\/product\/31212","targetHints":{"allow":["GET"]}}],"collection":[{"href":"https:\/\/emateks.com.tr\/en\/wp-json\/wp\/v2\/product"}],"about":[{"href":"https:\/\/emateks.com.tr\/en\/wp-json\/wp\/v2\/types\/product"}],"wp:featuredmedia":[{"embeddable":true,"href":"https:\/\/emateks.com.tr\/en\/wp-json\/wp\/v2\/media\/31214"}],"wp:attachment":[{"href":"https:\/\/emateks.com.tr\/en\/wp-json\/wp\/v2\/media?parent=31212"}],"wp:term":[{"taxonomy":"product_brand","embeddable":true,"href":"https:\/\/emateks.com.tr\/en\/wp-json\/wp\/v2\/product_brand?post=31212"},{"taxonomy":"product_cat","embeddable":true,"href":"https:\/\/emateks.com.tr\/en\/wp-json\/wp\/v2\/product_cat?post=31212"},{"taxonomy":"product_tag","embeddable":true,"href":"https:\/\/emateks.com.tr\/en\/wp-json\/wp\/v2\/product_tag?post=31212"}],"curies":[{"name":"wp","href":"https:\/\/api.w.org\/{rel}","templated":true}]}}