{"id":32877,"date":"2026-05-09T10:36:13","date_gmt":"2026-05-09T07:36:13","guid":{"rendered":"https:\/\/emateks.com.tr\/?post_type=product&#038;p=32877"},"modified":"2026-05-09T10:36:13","modified_gmt":"2026-05-09T07:36:13","slug":"260505050wv2b-34-24","status":"publish","type":"product","link":"https:\/\/emateks.com.tr\/en\/product\/260505050wv2b-34-24\/","title":{"rendered":"260505050WV2B-34-24"},"content":{"rendered":"","protected":false},"excerpt":{"rendered":"<p><em><strong>50\/50\/50 V\u0130SCONE M\u0130CRO POLYESTER SPANDEX SCUBA P\u0130QUE<\/strong><\/em><\/p>\n<p>%50 V\u0130SCONE&#8212;%42,5 POLYESTER&#8212;%7,5 SPANDEX<\/p>\n<p>190 CM&#8212;230 GR<\/p>\n","protected":false},"featured_media":32878,"template":"","meta":[],"product_brand":[],"product_cat":[323],"product_tag":[324],"class_list":{"0":"post-32877","1":"product","2":"type-product","3":"status-publish","4":"has-post-thumbnail","6":"product_cat-scuba-pique","7":"product_tag-scuba-pique","8":"tm-no-options","10":"first","11":"instock","12":"shipping-taxable","13":"product-type-simple"},"_links":{"self":[{"href":"https:\/\/emateks.com.tr\/en\/wp-json\/wp\/v2\/product\/32877","targetHints":{"allow":["GET"]}}],"collection":[{"href":"https:\/\/emateks.com.tr\/en\/wp-json\/wp\/v2\/product"}],"about":[{"href":"https:\/\/emateks.com.tr\/en\/wp-json\/wp\/v2\/types\/product"}],"wp:featuredmedia":[{"embeddable":true,"href":"https:\/\/emateks.com.tr\/en\/wp-json\/wp\/v2\/media\/32878"}],"wp:attachment":[{"href":"https:\/\/emateks.com.tr\/en\/wp-json\/wp\/v2\/media?parent=32877"}],"wp:term":[{"taxonomy":"product_brand","embeddable":true,"href":"https:\/\/emateks.com.tr\/en\/wp-json\/wp\/v2\/product_brand?post=32877"},{"taxonomy":"product_cat","embeddable":true,"href":"https:\/\/emateks.com.tr\/en\/wp-json\/wp\/v2\/product_cat?post=32877"},{"taxonomy":"product_tag","embeddable":true,"href":"https:\/\/emateks.com.tr\/en\/wp-json\/wp\/v2\/product_tag?post=32877"}],"curies":[{"name":"wp","href":"https:\/\/api.w.org\/{rel}","templated":true}]}}