{"id":29247,"date":"2025-11-02T15:05:01","date_gmt":"2025-11-02T12:05:01","guid":{"rendered":"https:\/\/emateks.com.tr\/?post_type=product&#038;p=29247"},"modified":"2025-11-02T15:06:21","modified_gmt":"2025-11-02T12:06:21","slug":"703640veg2-ed-c-92-10","status":"publish","type":"product","link":"https:\/\/emateks.com.tr\/fr\/product\/703640veg2-ed-c-92-10\/","title":{"rendered":"703640VEG2-D-\u00c7-92-10"},"content":{"rendered":"","protected":false},"excerpt":{"rendered":"<p><em><strong>(92*10) 36\/40 VEG2\/STAPLE F\u0130BER STR\u0130PE \u0130NTERLOCK<\/strong><\/em><\/p>\n<p>%27 COTTON&#8212;%73 POLYESTER<\/p>\n<p>175\/180 CM&#8212;240 GR<\/p>\n","protected":false},"featured_media":29248,"template":"","meta":[],"product_brand":[],"product_cat":[108],"product_tag":[],"class_list":{"0":"post-29247","1":"product","2":"type-product","3":"status-publish","4":"has-post-thumbnail","6":"product_cat-interlock-2","7":"tm-no-options","9":"first","10":"instock","11":"shipping-taxable","12":"product-type-simple"},"_links":{"self":[{"href":"https:\/\/emateks.com.tr\/fr\/wp-json\/wp\/v2\/product\/29247","targetHints":{"allow":["GET"]}}],"collection":[{"href":"https:\/\/emateks.com.tr\/fr\/wp-json\/wp\/v2\/product"}],"about":[{"href":"https:\/\/emateks.com.tr\/fr\/wp-json\/wp\/v2\/types\/product"}],"wp:featuredmedia":[{"embeddable":true,"href":"https:\/\/emateks.com.tr\/fr\/wp-json\/wp\/v2\/media\/29248"}],"wp:attachment":[{"href":"https:\/\/emateks.com.tr\/fr\/wp-json\/wp\/v2\/media?parent=29247"}],"wp:term":[{"taxonomy":"product_brand","embeddable":true,"href":"https:\/\/emateks.com.tr\/fr\/wp-json\/wp\/v2\/product_brand?post=29247"},{"taxonomy":"product_cat","embeddable":true,"href":"https:\/\/emateks.com.tr\/fr\/wp-json\/wp\/v2\/product_cat?post=29247"},{"taxonomy":"product_tag","embeddable":true,"href":"https:\/\/emateks.com.tr\/fr\/wp-json\/wp\/v2\/product_tag?post=29247"}],"curies":[{"name":"wp","href":"https:\/\/api.w.org\/{rel}","templated":true}]}}