{"id":29358,"date":"2025-11-09T12:33:26","date_gmt":"2025-11-09T09:33:26","guid":{"rendered":"https:\/\/emateks.com.tr\/?post_type=product&#038;p=29358"},"modified":"2025-11-09T14:20:11","modified_gmt":"2025-11-09T11:20:11","slug":"60361pvs-v-2-c-26-4","status":"publish","type":"product","link":"https:\/\/emateks.com.tr\/fr\/product\/60361pvs-v-2-c-26-4\/","title":{"rendered":"60361PVS-V-2-\u00c7-26-4"},"content":{"rendered":"","protected":false},"excerpt":{"rendered":"<p><em><strong>(26*4) V\u0130SCONE STR\u0130PE SPANDEX RIBANA<\/strong><\/em><\/p>\n<p>%84 V\u0130SCONE&#8212;%13 POLYESTER&#8212;%3 SPANDEX<\/p>\n<p>135 CM&#8212;210 GR<\/p>\n","protected":false},"featured_media":29359,"template":"","meta":[],"product_brand":[],"product_cat":[113],"product_tag":[],"class_list":{"0":"post-29358","1":"product","2":"type-product","3":"status-publish","4":"has-post-thumbnail","6":"product_cat-ribana-2","7":"tm-no-options","9":"first","10":"instock","11":"shipping-taxable","12":"product-type-simple"},"_links":{"self":[{"href":"https:\/\/emateks.com.tr\/fr\/wp-json\/wp\/v2\/product\/29358","targetHints":{"allow":["GET"]}}],"collection":[{"href":"https:\/\/emateks.com.tr\/fr\/wp-json\/wp\/v2\/product"}],"about":[{"href":"https:\/\/emateks.com.tr\/fr\/wp-json\/wp\/v2\/types\/product"}],"wp:featuredmedia":[{"embeddable":true,"href":"https:\/\/emateks.com.tr\/fr\/wp-json\/wp\/v2\/media\/29359"}],"wp:attachment":[{"href":"https:\/\/emateks.com.tr\/fr\/wp-json\/wp\/v2\/media?parent=29358"}],"wp:term":[{"taxonomy":"product_brand","embeddable":true,"href":"https:\/\/emateks.com.tr\/fr\/wp-json\/wp\/v2\/product_brand?post=29358"},{"taxonomy":"product_cat","embeddable":true,"href":"https:\/\/emateks.com.tr\/fr\/wp-json\/wp\/v2\/product_cat?post=29358"},{"taxonomy":"product_tag","embeddable":true,"href":"https:\/\/emateks.com.tr\/fr\/wp-json\/wp\/v2\/product_tag?post=29358"}],"curies":[{"name":"wp","href":"https:\/\/api.w.org\/{rel}","templated":true}]}}