{"id":29380,"date":"2025-11-09T15:21:08","date_gmt":"2025-11-09T12:21:08","guid":{"rendered":"https:\/\/emateks.com.tr\/?post_type=product&#038;p=29380"},"modified":"2025-11-09T15:21:11","modified_gmt":"2025-11-09T12:21:11","slug":"703030wv-pvvegsyh-c-42-10","status":"publish","type":"product","link":"https:\/\/emateks.com.tr\/fr\/product\/703030wv-pvvegsyh-c-42-10\/","title":{"rendered":"703030WV-PVVEGSYH-\u00c7-42-10"},"content":{"rendered":"","protected":false},"excerpt":{"rendered":"<p><em><strong>(42*10) 30\/30 V\u0130SCONE STR\u0130PE \u0130NTERLOCK<\/strong><\/em><\/p>\n<p>%87 V\u0130SCONE&#8212;%13 POLYESTER<\/p>\n<p>220 CM&#8212;235 GR<\/p>\n<p>&nbsp;<\/p>\n","protected":false},"featured_media":29381,"template":"","meta":[],"product_brand":[],"product_cat":[108],"product_tag":[],"class_list":{"0":"post-29380","1":"product","2":"type-product","3":"status-publish","4":"has-post-thumbnail","6":"product_cat-interlock-2","7":"tm-no-options","9":"first","10":"instock","11":"shipping-taxable","12":"product-type-simple"},"_links":{"self":[{"href":"https:\/\/emateks.com.tr\/fr\/wp-json\/wp\/v2\/product\/29380","targetHints":{"allow":["GET"]}}],"collection":[{"href":"https:\/\/emateks.com.tr\/fr\/wp-json\/wp\/v2\/product"}],"about":[{"href":"https:\/\/emateks.com.tr\/fr\/wp-json\/wp\/v2\/types\/product"}],"wp:featuredmedia":[{"embeddable":true,"href":"https:\/\/emateks.com.tr\/fr\/wp-json\/wp\/v2\/media\/29381"}],"wp:attachment":[{"href":"https:\/\/emateks.com.tr\/fr\/wp-json\/wp\/v2\/media?parent=29380"}],"wp:term":[{"taxonomy":"product_brand","embeddable":true,"href":"https:\/\/emateks.com.tr\/fr\/wp-json\/wp\/v2\/product_brand?post=29380"},{"taxonomy":"product_cat","embeddable":true,"href":"https:\/\/emateks.com.tr\/fr\/wp-json\/wp\/v2\/product_cat?post=29380"},{"taxonomy":"product_tag","embeddable":true,"href":"https:\/\/emateks.com.tr\/fr\/wp-json\/wp\/v2\/product_tag?post=29380"}],"curies":[{"name":"wp","href":"https:\/\/api.w.org\/{rel}","templated":true}]}}