{"id":29450,"date":"2025-11-13T13:02:07","date_gmt":"2025-11-13T10:02:07","guid":{"rendered":"https:\/\/emateks.com.tr\/?post_type=product&#038;p=29450"},"modified":"2025-11-13T13:02:10","modified_gmt":"2025-11-13T10:02:10","slug":"10302a-d-3tzncr-c-12-4","status":"publish","type":"product","link":"https:\/\/emateks.com.tr\/fr\/product\/10302a-d-3tzncr-c-12-4\/","title":{"rendered":"10302A-D-3TZNCR-\u00c7-12-4"},"content":{"rendered":"","protected":false},"excerpt":{"rendered":"<p><em><strong>(12*4) COMPACT COMBED COTTON STAPLE F\u0130BER BLACK STR\u0130PE JERSEY P\u0130QUE<\/strong><\/em><\/p>\n<p>%73 COTTON&#8212;%27 POLYESTER<\/p>\n<p>165 CM&#8212;220 GR<\/p>\n","protected":false},"featured_media":29451,"template":"","meta":[],"product_brand":[],"product_cat":[105],"product_tag":[],"class_list":{"0":"post-29450","1":"product","2":"type-product","3":"status-publish","4":"has-post-thumbnail","6":"product_cat-jersey-2","7":"tm-no-options","9":"first","10":"instock","11":"shipping-taxable","12":"product-type-simple"},"_links":{"self":[{"href":"https:\/\/emateks.com.tr\/fr\/wp-json\/wp\/v2\/product\/29450","targetHints":{"allow":["GET"]}}],"collection":[{"href":"https:\/\/emateks.com.tr\/fr\/wp-json\/wp\/v2\/product"}],"about":[{"href":"https:\/\/emateks.com.tr\/fr\/wp-json\/wp\/v2\/types\/product"}],"wp:featuredmedia":[{"embeddable":true,"href":"https:\/\/emateks.com.tr\/fr\/wp-json\/wp\/v2\/media\/29451"}],"wp:attachment":[{"href":"https:\/\/emateks.com.tr\/fr\/wp-json\/wp\/v2\/media?parent=29450"}],"wp:term":[{"taxonomy":"product_brand","embeddable":true,"href":"https:\/\/emateks.com.tr\/fr\/wp-json\/wp\/v2\/product_brand?post=29450"},{"taxonomy":"product_cat","embeddable":true,"href":"https:\/\/emateks.com.tr\/fr\/wp-json\/wp\/v2\/product_cat?post=29450"},{"taxonomy":"product_tag","embeddable":true,"href":"https:\/\/emateks.com.tr\/fr\/wp-json\/wp\/v2\/product_tag?post=29450"}],"curies":[{"name":"wp","href":"https:\/\/api.w.org\/{rel}","templated":true}]}}