{"id":29458,"date":"2025-11-13T13:52:09","date_gmt":"2025-11-13T10:52:09","guid":{"rendered":"https:\/\/emateks.com.tr\/?post_type=product&#038;p=29458"},"modified":"2025-11-13T14:08:47","modified_gmt":"2025-11-13T11:08:47","slug":"10302d3tzncr-c-12-4","status":"publish","type":"product","link":"https:\/\/emateks.com.tr\/fr\/product\/10302d3tzncr-c-12-4\/","title":{"rendered":"10302D-3T-ZNCR-\u00c7-12-4"},"content":{"rendered":"","protected":false},"excerpt":{"rendered":"<p><em><strong>(12*4) STAPLE F\u0130BER STR\u0130PE JERSEY P\u0130QUE<\/strong><\/em><\/p>\n<p>%100 POLYESTER<\/p>\n<p>180\/185 CM&#8212;210\/215 GR<\/p>\n","protected":false},"featured_media":29459,"template":"","meta":[],"product_brand":[],"product_cat":[105],"product_tag":[],"class_list":{"0":"post-29458","1":"product","2":"type-product","3":"status-publish","4":"has-post-thumbnail","6":"product_cat-jersey-2","7":"tm-no-options","9":"first","10":"instock","11":"shipping-taxable","12":"product-type-simple"},"_links":{"self":[{"href":"https:\/\/emateks.com.tr\/fr\/wp-json\/wp\/v2\/product\/29458","targetHints":{"allow":["GET"]}}],"collection":[{"href":"https:\/\/emateks.com.tr\/fr\/wp-json\/wp\/v2\/product"}],"about":[{"href":"https:\/\/emateks.com.tr\/fr\/wp-json\/wp\/v2\/types\/product"}],"wp:featuredmedia":[{"embeddable":true,"href":"https:\/\/emateks.com.tr\/fr\/wp-json\/wp\/v2\/media\/29459"}],"wp:attachment":[{"href":"https:\/\/emateks.com.tr\/fr\/wp-json\/wp\/v2\/media?parent=29458"}],"wp:term":[{"taxonomy":"product_brand","embeddable":true,"href":"https:\/\/emateks.com.tr\/fr\/wp-json\/wp\/v2\/product_brand?post=29458"},{"taxonomy":"product_cat","embeddable":true,"href":"https:\/\/emateks.com.tr\/fr\/wp-json\/wp\/v2\/product_cat?post=29458"},{"taxonomy":"product_tag","embeddable":true,"href":"https:\/\/emateks.com.tr\/fr\/wp-json\/wp\/v2\/product_tag?post=29458"}],"curies":[{"name":"wp","href":"https:\/\/api.w.org\/{rel}","templated":true}]}}