{"id":29969,"date":"2025-12-12T11:04:55","date_gmt":"2025-12-12T08:04:55","guid":{"rendered":"https:\/\/emateks.com.tr\/?post_type=product&#038;p=29969"},"modified":"2025-12-12T11:04:57","modified_gmt":"2025-12-12T08:04:57","slug":"1603070300eg2-pb-gp-srd","status":"publish","type":"product","link":"https:\/\/emateks.com.tr\/fr\/product\/1603070300eg2-pb-gp-srd\/","title":{"rendered":"1603070300EG2-PB-GP-\u015eRD"},"content":{"rendered":"","protected":false},"excerpt":{"rendered":"<p><em><strong>30\/70\/300 M\u0130CRO POLYESTER EG2 SPANDEX \u0130NTERLOCK P\u0130QUE<\/strong><\/em><\/p>\n<p>%14 COTTON&#8212;%84 POLYESTER&#8212;%2 SPANDEX<\/p>\n<p>160 CM&#8212;450 GR<\/p>\n","protected":false},"featured_media":29970,"template":"","meta":[],"product_brand":[],"product_cat":[115],"product_tag":[],"class_list":{"0":"post-29969","1":"product","2":"type-product","3":"status-publish","4":"has-post-thumbnail","6":"product_cat-interlock-pique","7":"tm-no-options","9":"first","10":"instock","11":"shipping-taxable","12":"product-type-simple"},"_links":{"self":[{"href":"https:\/\/emateks.com.tr\/fr\/wp-json\/wp\/v2\/product\/29969","targetHints":{"allow":["GET"]}}],"collection":[{"href":"https:\/\/emateks.com.tr\/fr\/wp-json\/wp\/v2\/product"}],"about":[{"href":"https:\/\/emateks.com.tr\/fr\/wp-json\/wp\/v2\/types\/product"}],"wp:featuredmedia":[{"embeddable":true,"href":"https:\/\/emateks.com.tr\/fr\/wp-json\/wp\/v2\/media\/29970"}],"wp:attachment":[{"href":"https:\/\/emateks.com.tr\/fr\/wp-json\/wp\/v2\/media?parent=29969"}],"wp:term":[{"taxonomy":"product_brand","embeddable":true,"href":"https:\/\/emateks.com.tr\/fr\/wp-json\/wp\/v2\/product_brand?post=29969"},{"taxonomy":"product_cat","embeddable":true,"href":"https:\/\/emateks.com.tr\/fr\/wp-json\/wp\/v2\/product_cat?post=29969"},{"taxonomy":"product_tag","embeddable":true,"href":"https:\/\/emateks.com.tr\/fr\/wp-json\/wp\/v2\/product_tag?post=29969"}],"curies":[{"name":"wp","href":"https:\/\/api.w.org\/{rel}","templated":true}]}}