{"id":31117,"date":"2026-02-16T17:39:53","date_gmt":"2026-02-16T14:39:53","guid":{"rendered":"https:\/\/emateks.com.tr\/?post_type=product&#038;p=31117"},"modified":"2026-02-16T17:43:46","modified_gmt":"2026-02-16T14:43:46","slug":"2701505070pb-gp-brc61","status":"publish","type":"product","link":"https:\/\/emateks.com.tr\/fr\/product\/2701505070pb-gp-brc61\/","title":{"rendered":"2701505070PB-GP-BRC61"},"content":{"rendered":"","protected":false},"excerpt":{"rendered":"<p>1<em><strong>50\/50\/70-40 POLYESTER SPANDEX B\u00dcR\u00dcMC\u00dcK 61 RA\u015eEL<\/strong><\/em><\/p>\n<p>%96 POLYESTER&#8212;%4 SPANDEX<\/p>\n<p>145 CM&#8212;210 GR<\/p>\n","protected":false},"featured_media":31119,"template":"","meta":[],"product_brand":[],"product_cat":[162],"product_tag":[],"class_list":{"0":"post-31117","1":"product","2":"type-product","3":"status-publish","4":"has-post-thumbnail","6":"product_cat-raschel","7":"tm-no-options","9":"first","10":"instock","11":"shipping-taxable","12":"product-type-simple"},"_links":{"self":[{"href":"https:\/\/emateks.com.tr\/fr\/wp-json\/wp\/v2\/product\/31117","targetHints":{"allow":["GET"]}}],"collection":[{"href":"https:\/\/emateks.com.tr\/fr\/wp-json\/wp\/v2\/product"}],"about":[{"href":"https:\/\/emateks.com.tr\/fr\/wp-json\/wp\/v2\/types\/product"}],"wp:featuredmedia":[{"embeddable":true,"href":"https:\/\/emateks.com.tr\/fr\/wp-json\/wp\/v2\/media\/31119"}],"wp:attachment":[{"href":"https:\/\/emateks.com.tr\/fr\/wp-json\/wp\/v2\/media?parent=31117"}],"wp:term":[{"taxonomy":"product_brand","embeddable":true,"href":"https:\/\/emateks.com.tr\/fr\/wp-json\/wp\/v2\/product_brand?post=31117"},{"taxonomy":"product_cat","embeddable":true,"href":"https:\/\/emateks.com.tr\/fr\/wp-json\/wp\/v2\/product_cat?post=31117"},{"taxonomy":"product_tag","embeddable":true,"href":"https:\/\/emateks.com.tr\/fr\/wp-json\/wp\/v2\/product_tag?post=31117"}],"curies":[{"name":"wp","href":"https:\/\/api.w.org\/{rel}","templated":true}]}}