{"id":31131,"date":"2026-02-17T14:28:35","date_gmt":"2026-02-17T11:28:35","guid":{"rendered":"https:\/\/emateks.com.tr\/?post_type=product&#038;p=31131"},"modified":"2026-02-17T14:28:38","modified_gmt":"2026-02-17T11:28:38","slug":"160307030ad-m-c-71-1","status":"publish","type":"product","link":"https:\/\/emateks.com.tr\/fr\/product\/160307030ad-m-c-71-1\/","title":{"rendered":"160307030AD-M-\u00c7-71-1"},"content":{"rendered":"","protected":false},"excerpt":{"rendered":"<p><em><strong>(71*1) 30\/70\/30 COTTON STAPLE F\u0130BER STR\u0130PE \u0130NTERLOCK P\u0130QUE<\/strong><\/em><\/p>\n<p>%62 COTTON&#8212;%38 POLYESTER<\/p>\n<p>170 CM&#8212;345 GR<\/p>\n<p>&nbsp;<\/p>\n","protected":false},"featured_media":31138,"template":"","meta":[],"product_brand":[],"product_cat":[115],"product_tag":[],"class_list":{"0":"post-31131","1":"product","2":"type-product","3":"status-publish","4":"has-post-thumbnail","6":"product_cat-interlock-pique","7":"tm-no-options","9":"first","10":"instock","11":"shipping-taxable","12":"product-type-simple"},"_links":{"self":[{"href":"https:\/\/emateks.com.tr\/fr\/wp-json\/wp\/v2\/product\/31131","targetHints":{"allow":["GET"]}}],"collection":[{"href":"https:\/\/emateks.com.tr\/fr\/wp-json\/wp\/v2\/product"}],"about":[{"href":"https:\/\/emateks.com.tr\/fr\/wp-json\/wp\/v2\/types\/product"}],"wp:featuredmedia":[{"embeddable":true,"href":"https:\/\/emateks.com.tr\/fr\/wp-json\/wp\/v2\/media\/31138"}],"wp:attachment":[{"href":"https:\/\/emateks.com.tr\/fr\/wp-json\/wp\/v2\/media?parent=31131"}],"wp:term":[{"taxonomy":"product_brand","embeddable":true,"href":"https:\/\/emateks.com.tr\/fr\/wp-json\/wp\/v2\/product_brand?post=31131"},{"taxonomy":"product_cat","embeddable":true,"href":"https:\/\/emateks.com.tr\/fr\/wp-json\/wp\/v2\/product_cat?post=31131"},{"taxonomy":"product_tag","embeddable":true,"href":"https:\/\/emateks.com.tr\/fr\/wp-json\/wp\/v2\/product_tag?post=31131"}],"curies":[{"name":"wp","href":"https:\/\/api.w.org\/{rel}","templated":true}]}}