{"id":29566,"date":"2025-11-16T17:16:11","date_gmt":"2025-11-16T14:16:11","guid":{"rendered":"https:\/\/emateks.com.tr\/?post_type=product&#038;p=29566"},"modified":"2025-11-16T17:16:14","modified_gmt":"2025-11-16T14:16:14","slug":"704036vb-pvs2-c-41-10","status":"publish","type":"product","link":"https:\/\/emateks.com.tr\/it\/product\/704036vb-pvs2-c-41-10\/","title":{"rendered":"704036VB-PVS2-\u00c7-41-10"},"content":{"rendered":"","protected":false},"excerpt":{"rendered":"<p><em><strong>(41*10) 40\/36 V\u0130SCONE STR\u0130PE SPANDEX \u0130NTERLOCK<\/strong><\/em><\/p>\n<p>%80 V\u0130SCONE&#8212;%12 POLYESTER&#8212;%8 SPANDEX<\/p>\n<p>175 CM&#8212;375 GR<\/p>\n","protected":false},"featured_media":29568,"template":"","meta":[],"product_brand":[],"product_cat":[108],"product_tag":[],"class_list":{"0":"post-29566","1":"product","2":"type-product","3":"status-publish","4":"has-post-thumbnail","6":"product_cat-interlock-2","7":"tm-no-options","9":"first","10":"instock","11":"shipping-taxable","12":"product-type-simple"},"_links":{"self":[{"href":"https:\/\/emateks.com.tr\/it\/wp-json\/wp\/v2\/product\/29566","targetHints":{"allow":["GET"]}}],"collection":[{"href":"https:\/\/emateks.com.tr\/it\/wp-json\/wp\/v2\/product"}],"about":[{"href":"https:\/\/emateks.com.tr\/it\/wp-json\/wp\/v2\/types\/product"}],"wp:featuredmedia":[{"embeddable":true,"href":"https:\/\/emateks.com.tr\/it\/wp-json\/wp\/v2\/media\/29568"}],"wp:attachment":[{"href":"https:\/\/emateks.com.tr\/it\/wp-json\/wp\/v2\/media?parent=29566"}],"wp:term":[{"taxonomy":"product_brand","embeddable":true,"href":"https:\/\/emateks.com.tr\/it\/wp-json\/wp\/v2\/product_brand?post=29566"},{"taxonomy":"product_cat","embeddable":true,"href":"https:\/\/emateks.com.tr\/it\/wp-json\/wp\/v2\/product_cat?post=29566"},{"taxonomy":"product_tag","embeddable":true,"href":"https:\/\/emateks.com.tr\/it\/wp-json\/wp\/v2\/product_tag?post=29566"}],"curies":[{"name":"wp","href":"https:\/\/api.w.org\/{rel}","templated":true}]}}