{"id":30883,"date":"2026-02-01T13:10:36","date_gmt":"2026-02-01T10:10:36","guid":{"rendered":"https:\/\/emateks.com.tr\/?post_type=product&#038;p=30883"},"modified":"2026-02-01T13:10:39","modified_gmt":"2026-02-01T10:10:39","slug":"310307030d-vpvkhv-ttb-12-40","status":"publish","type":"product","link":"https:\/\/emateks.com.tr\/it\/product\/310307030d-vpvkhv-ttb-12-40\/","title":{"rendered":"310307030D-VPVKHV-TTB-12-40"},"content":{"rendered":"","protected":false},"excerpt":{"rendered":"<p><em><strong>(12*40) 30\/70\/30 STAPLE F\u0130BER- POLY V\u0130SCONE BROWN STR\u0130PE OTTOMAN<\/strong><\/em><\/p>\n<p>%7 V\u0130SCONE&#8212;%93 POLYESTER<\/p>\n<p>190 CM&#8212;200 GR<\/p>\n","protected":false},"featured_media":30884,"template":"","meta":[],"product_brand":[],"product_cat":[110],"product_tag":[],"class_list":{"0":"post-30883","1":"product","2":"type-product","3":"status-publish","4":"has-post-thumbnail","6":"product_cat-ottoman","7":"tm-no-options","9":"first","10":"instock","11":"shipping-taxable","12":"product-type-simple"},"_links":{"self":[{"href":"https:\/\/emateks.com.tr\/it\/wp-json\/wp\/v2\/product\/30883","targetHints":{"allow":["GET"]}}],"collection":[{"href":"https:\/\/emateks.com.tr\/it\/wp-json\/wp\/v2\/product"}],"about":[{"href":"https:\/\/emateks.com.tr\/it\/wp-json\/wp\/v2\/types\/product"}],"wp:featuredmedia":[{"embeddable":true,"href":"https:\/\/emateks.com.tr\/it\/wp-json\/wp\/v2\/media\/30884"}],"wp:attachment":[{"href":"https:\/\/emateks.com.tr\/it\/wp-json\/wp\/v2\/media?parent=30883"}],"wp:term":[{"taxonomy":"product_brand","embeddable":true,"href":"https:\/\/emateks.com.tr\/it\/wp-json\/wp\/v2\/product_brand?post=30883"},{"taxonomy":"product_cat","embeddable":true,"href":"https:\/\/emateks.com.tr\/it\/wp-json\/wp\/v2\/product_cat?post=30883"},{"taxonomy":"product_tag","embeddable":true,"href":"https:\/\/emateks.com.tr\/it\/wp-json\/wp\/v2\/product_tag?post=30883"}],"curies":[{"name":"wp","href":"https:\/\/api.w.org\/{rel}","templated":true}]}}