{"id":32884,"date":"2026-05-09T10:48:00","date_gmt":"2026-05-09T07:48:00","guid":{"rendered":"https:\/\/emateks.com.tr\/?post_type=product&#038;p=32884"},"modified":"2026-05-09T10:48:00","modified_gmt":"2026-05-09T07:48:00","slug":"260507070wv2b-34-24","status":"publish","type":"product","link":"https:\/\/emateks.com.tr\/it\/product\/260507070wv2b-34-24\/","title":{"rendered":"260507070WV2B-34-24"},"content":{"rendered":"","protected":false},"excerpt":{"rendered":"<p><em><strong>50\/70\/70 V\u0130SCONE M\u0130CRO POLYESTER SPANDEX SCUBA P\u0130QUE<\/strong><\/em><\/p>\n<p>%40 V\u0130SCONE&#8212;%54 POLYESTER&#8212;%6 SPANDEX<\/p>\n<p>190 CM&#8212;280 GR<\/p>\n","protected":false},"featured_media":32885,"template":"","meta":[],"product_brand":[],"product_cat":[323],"product_tag":[],"class_list":{"0":"post-32884","1":"product","2":"type-product","3":"status-publish","4":"has-post-thumbnail","6":"product_cat-scuba-pique","7":"tm-no-options","9":"first","10":"instock","11":"shipping-taxable","12":"product-type-simple"},"_links":{"self":[{"href":"https:\/\/emateks.com.tr\/it\/wp-json\/wp\/v2\/product\/32884","targetHints":{"allow":["GET"]}}],"collection":[{"href":"https:\/\/emateks.com.tr\/it\/wp-json\/wp\/v2\/product"}],"about":[{"href":"https:\/\/emateks.com.tr\/it\/wp-json\/wp\/v2\/types\/product"}],"wp:featuredmedia":[{"embeddable":true,"href":"https:\/\/emateks.com.tr\/it\/wp-json\/wp\/v2\/media\/32885"}],"wp:attachment":[{"href":"https:\/\/emateks.com.tr\/it\/wp-json\/wp\/v2\/media?parent=32884"}],"wp:term":[{"taxonomy":"product_brand","embeddable":true,"href":"https:\/\/emateks.com.tr\/it\/wp-json\/wp\/v2\/product_brand?post=32884"},{"taxonomy":"product_cat","embeddable":true,"href":"https:\/\/emateks.com.tr\/it\/wp-json\/wp\/v2\/product_cat?post=32884"},{"taxonomy":"product_tag","embeddable":true,"href":"https:\/\/emateks.com.tr\/it\/wp-json\/wp\/v2\/product_tag?post=32884"}],"curies":[{"name":"wp","href":"https:\/\/api.w.org\/{rel}","templated":true}]}}