{"id":30920,"date":"2026-02-04T15:25:34","date_gmt":"2026-02-04T12:25:34","guid":{"rendered":"https:\/\/emateks.com.tr\/?post_type=product&#038;p=30920"},"modified":"2026-02-04T15:25:37","modified_gmt":"2026-02-04T12:25:37","slug":"310307030d-vpegsyh-ttb-12-22","status":"publish","type":"product","link":"https:\/\/emateks.com.tr\/ru\/product\/310307030d-vpegsyh-ttb-12-22\/","title":{"rendered":"310307030D-VPEGSYH-TTB-12-22"},"content":{"rendered":"","protected":false},"excerpt":{"rendered":"<p><em><strong>(12*22) 30\/70\/30 STAPLE F\u0130BER WH\u0130TE-BLACK STR\u0130PE OTTOMAN<\/strong><\/em><\/p>\n<p>%100 POLYESTER<\/p>\n<p>215 CM&#8212;-185 GR<\/p>\n","protected":false},"featured_media":30921,"template":"","meta":[],"product_brand":[],"product_cat":[110],"product_tag":[],"class_list":{"0":"post-30920","1":"product","2":"type-product","3":"status-publish","4":"has-post-thumbnail","6":"product_cat-ottoman","7":"tm-no-options","9":"first","10":"instock","11":"shipping-taxable","12":"product-type-simple"},"_links":{"self":[{"href":"https:\/\/emateks.com.tr\/ru\/wp-json\/wp\/v2\/product\/30920","targetHints":{"allow":["GET"]}}],"collection":[{"href":"https:\/\/emateks.com.tr\/ru\/wp-json\/wp\/v2\/product"}],"about":[{"href":"https:\/\/emateks.com.tr\/ru\/wp-json\/wp\/v2\/types\/product"}],"wp:featuredmedia":[{"embeddable":true,"href":"https:\/\/emateks.com.tr\/ru\/wp-json\/wp\/v2\/media\/30921"}],"wp:attachment":[{"href":"https:\/\/emateks.com.tr\/ru\/wp-json\/wp\/v2\/media?parent=30920"}],"wp:term":[{"taxonomy":"product_brand","embeddable":true,"href":"https:\/\/emateks.com.tr\/ru\/wp-json\/wp\/v2\/product_brand?post=30920"},{"taxonomy":"product_cat","embeddable":true,"href":"https:\/\/emateks.com.tr\/ru\/wp-json\/wp\/v2\/product_cat?post=30920"},{"taxonomy":"product_tag","embeddable":true,"href":"https:\/\/emateks.com.tr\/ru\/wp-json\/wp\/v2\/product_tag?post=30920"}],"curies":[{"name":"wp","href":"https:\/\/api.w.org\/{rel}","templated":true}]}}